{"id":5427,"date":"2022-03-21T10:33:16","date_gmt":"2022-03-21T09:33:16","guid":{"rendered":"https:\/\/dicanapoli.it\/?page_id=5427"},"modified":"2022-04-21T13:33:34","modified_gmt":"2022-04-21T11:33:34","slug":"psicoterapia","status":"publish","type":"page","link":"https:\/\/dicanapoli.it\/en\/psicoterapia\/","title":{"rendered":"Psicoterapia"},"content":{"rendered":"<p><div class=\"fusion-fullwidth fullwidth-box fusion-builder-row-1 fusion-flex-container nonhundred-percent-fullwidth non-hundred-percent-height-scrolling\" style=\"--awb-border-radius-top-left:0px;--awb-border-radius-top-right:0px;--awb-border-radius-bottom-right:0px;--awb-border-radius-bottom-left:0px;--awb-background-color:#ffffff;--awb-flex-wrap:wrap;\" ><div class=\"fusion-builder-row fusion-row fusion-flex-align-items-flex-start fusion-flex-content-wrap\" style=\"max-width:1216.8px;margin-left: calc(-4% \/ 2 );margin-right: calc(-4% \/ 2 );\"><div class=\"fusion-layout-column fusion_builder_column fusion-builder-column-0 fusion_builder_column_1_1 1_1 fusion-flex-column\" style=\"--awb-bg-size:cover;--awb-width-large:100%;--awb-margin-top-large:60px;--awb-spacing-right-large:1.92%;--awb-margin-bottom-large:20px;--awb-spacing-left-large:1.92%;--awb-width-medium:100%;--awb-order-medium:0;--awb-spacing-right-medium:1.92%;--awb-spacing-left-medium:1.92%;--awb-width-small:100%;--awb-order-small:0;--awb-spacing-right-small:1.92%;--awb-spacing-left-small:1.92%;\"><div class=\"fusion-column-wrapper fusion-column-has-shadow fusion-flex-justify-content-flex-start fusion-content-layout-column\"><div class=\"fusion-menu-anchor\" id=\"psicoterapia\"><\/div><div class=\"fusion-text fusion-text-1 fusion-text-no-margin\" style=\"--awb-content-alignment:center;--awb-font-size:25px;--awb-letter-spacing:3.0px;--awb-text-color:var(--awb-custom_color_1);--awb-text-font-family:&quot;Roboto&quot;;--awb-text-font-style:normal;--awb-text-font-weight:400;\"><p>CENTRO DICA<\/p>\n<\/div><div class=\"fusion-title title fusion-title-1 fusion-title-center fusion-title-text fusion-title-size-three\" style=\"--awb-text-color:#5b5b5b;--awb-font-size:35px;\"><div class=\"title-sep-container title-sep-container-left\"><div class=\"title-sep sep- sep-solid\" style=\"border-color:var(--awb-color3);\"><\/div><\/div><span class=\"awb-title-spacer\"><\/span><h3 class=\"fusion-title-heading title-heading-center fusion-responsive-typography-calculated\" style=\"font-family:&quot;Roboto&quot;;font-style:normal;font-weight:500;margin:0;font-size:1em;letter-spacing:2.0px;--fontSize:35;line-height:var(--awb-typography1-line-height);\">LA PSICOTERAPIA<\/h3><span class=\"awb-title-spacer\"><\/span><div class=\"title-sep-container title-sep-container-right\"><div class=\"title-sep sep- sep-solid\" style=\"border-color:var(--awb-color3);\"><\/div><\/div><\/div><\/div><\/div><div class=\"fusion-layout-column fusion_builder_column fusion-builder-column-1 fusion_builder_column_1_1 1_1 fusion-flex-column fusion-animated\" style=\"--awb-bg-size:cover;--awb-width-large:100%;--awb-margin-top-large:0px;--awb-spacing-right-large:1.92%;--awb-margin-bottom-large:80px;--awb-spacing-left-large:1.92%;--awb-width-medium:100%;--awb-order-medium:0;--awb-spacing-right-medium:1.92%;--awb-spacing-left-medium:1.92%;--awb-width-small:100%;--awb-order-small:0;--awb-spacing-right-small:1.92%;--awb-spacing-left-small:1.92%;\" data-animationtype=\"fadeInUp\" data-animationduration=\"1.0\" data-animationoffset=\"top-into-view\"><div class=\"fusion-column-wrapper fusion-column-has-shadow fusion-flex-justify-content-flex-start fusion-content-layout-column\"><div class=\"fusion-text fusion-text-2 fusion-text-no-margin\" style=\"--awb-content-alignment:center;--awb-font-size:20px;--awb-text-color:var(--awb-custom_color_1);--awb-margin-bottom:70px;--awb-text-font-family:&quot;Roboto&quot;;--awb-text-font-style:normal;--awb-text-font-weight:500;\"><p>La psicoterapia \u00e8 un percorso di trattamento dei disturbi psicologici che si realizza in una serie di incontri con un professionista psicoterapeuta. Lo scopo della psicoterapia \u00e8 promuovere un cambiamento tale da alleviare in modo stabile alcune forme di sofferenza emotiva.<\/p>\n<\/div><div id=\"sp-ea-5701\" class=\"sp-ea-one sp-easy-accordion\" data-ex-icon=\"fa-minus\" data-col-icon=\"fa-plus\"  data-ea-active=\"ea-click\"  data-ea-mode=\"vertical\" data-preloader=\"\"><div class=\"ea-card ea-expand sp-ea-single\"><h3 class=\"ea-header\"><a class=\"collapsed\" data-sptoggle=\"spcollapse\" data-sptarget=\"#collapse57010\" href=\"javascript:void(0)\" aria-expanded=\"true\"> Che cos'\u00e8 la psicoterapia?<\/a><\/h3><div class=\"sp-collapse spcollapse collapsed show\" id=\"collapse57010\" data-parent=\"#sp-ea-5701\"><div class=\"ea-body\"><p><span style=\"font-weight: 400\">Una delle domande che ci si pone quando si parla di cura dei disturbi alimentari fa sicuramente riferimento al metodo utilizzato dai terapeuti nel trattamento di patologie come l\u2019anoressia, la bulimia, il binge eating,l\u2019obesit\u00e0 ecc\u2026<\/span><\/p>\n<p><span style=\"font-weight: 400\">Occorre fare una premessa: non esiste una risposta univoca n\u00e9 un metodo standardizzato. Il lavoro terapeutico \u00e8 personalizzato e si serve di un approccio integrato in quanto ogni caso \u00e8 a s\u00e9 e differisce da paziente a paziente.<\/span><\/p>\n<p><span style=\"font-weight: 400\">Un altro concetto fondamentale da chiarire \u00e8 che l\u2019obiettivo della terapia \u00e8 quello di dare beneficio a chi soffre e non di tranquillizzare pazienti e genitori. \u00c8<\/span> <span style=\"font-weight: 400\">necessario che il paziente partecipi attivamente al processo terapeutico per riuscire in primis a distinguere se stesso dagli altri, poi a distinguere le sensazioni corporee e gli stati emotivi per arrivare a crescere lasciandosi alle spalle la passivit\u00e0 impotente e i sentimenti di sottomissione e negativismo.<\/span><\/p>\n<\/div><\/div><\/div><div class=\"ea-card  sp-ea-single\"><h3 class=\"ea-header\"><a class=\"collapsed\" data-sptoggle=\"spcollapse\" data-sptarget=\"#collapse57011\" href=\"javascript:void(0)\" aria-expanded=\"false\"> Lo scopo della psicoterapia<\/a><\/h3><div class=\"sp-collapse spcollapse\" id=\"collapse57011\" data-parent=\"#sp-ea-5701\"><div class=\"ea-body\"><p><span style=\"font-weight: 400\">Lo scopo della psicoterapia va ben oltre la comprensione del significato dei sintomi e del comportamento. Con la psicoterapia si vuole, infatti, aiutare chi soffre ad affrontare la realt\u00e0 della vita nel passato e nel presente.<\/span><\/p>\n<p><span style=\"font-weight: 400\">In questo contesto \u00e8 importante ricostruire le interazioni emotive e le implicazioni che queste hanno comportato prima dell\u2019insorgere della malattia.<\/span><\/p>\n<p><span style=\"font-weight: 400\">Il compito dello psicoterapeuta \u00e8 fondamentale per aiutare le persone a scoprire la loro genuina personalit\u00e0 e le qualit\u00e0 che possiedono. Va ricordato che si tratta di soggetti in cui la mancanza di incoraggiamento e di possibilit\u00e0 di espressione dei propri bisogni ha sicuramente condizionato negativamente il loro sviluppo in termini di autonomia e capacit\u00e0.<\/span><\/p>\n<p><span style=\"font-weight: 400\">In parole povere, la psicoterapia rappresenta il mezzo per riuscire ad accettare s\u00e9 stessi e le proprie \u201czone d\u2019ombra\u201d e rappresenta un primo passo necessario verso una nuova prospettiva!<\/span><\/p>\n<\/div><\/div><\/div><div class=\"ea-card  sp-ea-single\"><h3 class=\"ea-header\"><a class=\"collapsed\" data-sptoggle=\"spcollapse\" data-sptarget=\"#collapse57012\" href=\"javascript:void(0)\" aria-expanded=\"false\"> L'intervento psicoterapeutico<\/a><\/h3><div class=\"sp-collapse spcollapse\" id=\"collapse57012\" data-parent=\"#sp-ea-5701\"><div class=\"ea-body\"><p><span style=\"font-weight: 400\">L\u2019intervento psicoterapeutico mira a contrastare il classico meccanismo che si innesca con i Disturbi del Comportamento Alimentare, cio\u00e8 l\u2019eccessiva valutazione del peso, della forma del corpo con il conseguente controllo ossessivo dell\u2019alimentazione da parte della persona.<\/span><\/p>\n<p><span style=\"font-weight: 400\">Non a caso, la maggior parte dei sintomi presentati (ad esempio: il desiderio di raggiungere e mantenere un peso molto basso, la dieta ferrea, l\u2019esercizio fisico eccessivo e compulsivo, il vomito autoindotto, l\u2019uso improprio di lassativi e di diuretici, etc.) rappresenta proprio la conseguenza di questa convinzione problematica di base.<\/span><\/p>\n<\/div><\/div><\/div><\/div><\/div><\/div><\/div><\/div><div class=\"fusion-fullwidth fullwidth-box fusion-builder-row-2 fusion-flex-container nonhundred-percent-fullwidth non-hundred-percent-height-scrolling\" style=\"--awb-border-radius-top-left:0px;--awb-border-radius-top-right:0px;--awb-border-radius-bottom-right:0px;--awb-border-radius-bottom-left:0px;--awb-background-color:#ffffff;--awb-flex-wrap:wrap;\" ><div class=\"fusion-builder-row fusion-row fusion-flex-align-items-flex-start fusion-flex-content-wrap\" style=\"max-width:1216.8px;margin-left: calc(-4% \/ 2 );margin-right: calc(-4% \/ 2 );\"><div class=\"fusion-layout-column fusion_builder_column fusion-builder-column-2 fusion_builder_column_1_1 1_1 fusion-flex-column\" style=\"--awb-bg-size:cover;--awb-width-large:100%;--awb-margin-top-large:60px;--awb-spacing-right-large:1.92%;--awb-margin-bottom-large:50px;--awb-spacing-left-large:1.92%;--awb-width-medium:100%;--awb-order-medium:0;--awb-spacing-right-medium:1.92%;--awb-spacing-left-medium:1.92%;--awb-width-small:100%;--awb-order-small:0;--awb-spacing-right-small:1.92%;--awb-spacing-left-small:1.92%;\"><div class=\"fusion-column-wrapper fusion-column-has-shadow fusion-flex-justify-content-flex-start fusion-content-layout-column\"><div class=\"fusion-menu-anchor\" id=\"percorsifamiliari\"><\/div><div class=\"fusion-text fusion-text-3 fusion-text-no-margin\" style=\"--awb-content-alignment:center;--awb-font-size:25px;--awb-letter-spacing:3.0px;--awb-text-color:var(--awb-custom_color_1);--awb-text-font-family:&quot;Roboto&quot;;--awb-text-font-style:normal;--awb-text-font-weight:400;\"><p>CENTRO DICA<\/p>\n<\/div><div class=\"fusion-title title fusion-title-2 fusion-title-center fusion-title-text fusion-title-size-three\" style=\"--awb-text-color:#5b5b5b;--awb-font-size:35px;\"><div class=\"title-sep-container title-sep-container-left\"><div class=\"title-sep sep- sep-solid\" style=\"border-color:var(--awb-color3);\"><\/div><\/div><span class=\"awb-title-spacer\"><\/span><h3 class=\"fusion-title-heading title-heading-center fusion-responsive-typography-calculated\" style=\"font-family:&quot;Roboto&quot;;font-style:normal;font-weight:500;margin:0;font-size:1em;letter-spacing:2.0px;--fontSize:35;line-height:var(--awb-typography1-line-height);\">I PERCORSI PER I FAMILIARI<\/h3><span class=\"awb-title-spacer\"><\/span><div class=\"title-sep-container title-sep-container-right\"><div class=\"title-sep sep- sep-solid\" style=\"border-color:var(--awb-color3);\"><\/div><\/div><\/div><\/div><\/div><div class=\"fusion-layout-column fusion_builder_column fusion-builder-column-3 fusion_builder_column_1_1 1_1 fusion-flex-column fusion-animated\" style=\"--awb-bg-size:cover;--awb-width-large:100%;--awb-margin-top-large:0px;--awb-spacing-right-large:1.92%;--awb-margin-bottom-large:100px;--awb-spacing-left-large:1.92%;--awb-width-medium:100%;--awb-order-medium:0;--awb-spacing-right-medium:1.92%;--awb-spacing-left-medium:1.92%;--awb-width-small:100%;--awb-order-small:0;--awb-spacing-right-small:1.92%;--awb-spacing-left-small:1.92%;\" data-animationtype=\"fadeInUp\" data-animationduration=\"1.0\" data-animationoffset=\"top-into-view\"><div class=\"fusion-column-wrapper fusion-column-has-shadow fusion-flex-justify-content-flex-start fusion-content-layout-column\"><div class=\"fusion-title title fusion-title-3 fusion-title-text fusion-title-size-three\" style=\"--awb-text-color:var(--awb-custom_color_1);--awb-margin-bottom:10px;--awb-font-size:30px;\"><div class=\"title-sep-container title-sep-container-left fusion-no-large-visibility fusion-no-medium-visibility fusion-no-small-visibility\"><div class=\"title-sep sep- sep-solid\" style=\"border-color:var(--awb-color3);\"><\/div><\/div><span class=\"awb-title-spacer fusion-no-large-visibility fusion-no-medium-visibility fusion-no-small-visibility\"><\/span><h3 class=\"fusion-title-heading title-heading-left fusion-responsive-typography-calculated\" style=\"font-family:&quot;Roboto&quot;;font-style:normal;font-weight:500;margin:0;font-size:1em;text-transform:none;--fontSize:30;line-height:var(--awb-typography1-line-height);\">Sappiamo che, spesso, il sintomo del proprio figlio funge da catalizzatore<\/h3><span class=\"awb-title-spacer\"><\/span><div class=\"title-sep-container title-sep-container-right\"><div class=\"title-sep sep- sep-solid\" style=\"border-color:var(--awb-color3);\"><\/div><\/div><\/div><div class=\"fusion-text fusion-text-4\" style=\"--awb-font-size:17px;--awb-text-font-family:&quot;Roboto&quot;;--awb-text-font-style:normal;--awb-text-font-weight:400;\"><p>per la coppia genitoriale andando a creare un\u2019alleanza. A tal proposito gli interventi del Centro DiCA prevedono un coinvolgimento attivo dei familiari.<\/p>\n<p>Per un approccio efficace al trattamento dei Disturbi del Comportamento Alimentare, \u00e8 fondamentale coinvolgere i familiari al fine di creare una visione della famiglia come alleato e strumento di supporto. Siamo infatti convinti che, indipendentemente dall\u2019attuazione di un intervento terapeutico specifico con la famiglia, il programma di trattamento di tali disturbi dovrebbe sempre prevedere un\u2019attenzione particolare al rapporto con i familiari o con i partner.<\/p>\n<\/div><\/div><\/div><\/div><\/div><\/p>","protected":false},"excerpt":{"rendered":"","protected":false},"author":1,"featured_media":0,"parent":0,"menu_order":0,"comment_status":"closed","ping_status":"closed","template":"100-width.php","meta":{"footnotes":""},"class_list":["post-5427","page","type-page","status-publish","hentry"],"yoast_head":"<!-- This site is optimized with the Yoast SEO plugin v20.13 - https:\/\/yoast.com\/wordpress\/plugins\/seo\/ -->\n<title>Psicoterapia - DiCA Napoli<\/title>\n<meta name=\"robots\" content=\"index, follow, max-snippet:-1, max-image-preview:large, max-video-preview:-1\" \/>\n<link rel=\"canonical\" href=\"https:\/\/dicanapoli.it\/en\/psicoterapia\/\" \/>\n<meta property=\"og:locale\" content=\"en_US\" \/>\n<meta property=\"og:type\" content=\"article\" \/>\n<meta property=\"og:title\" content=\"Psicoterapia - DiCA Napoli\" \/>\n<meta property=\"og:url\" content=\"https:\/\/dicanapoli.it\/en\/psicoterapia\/\" \/>\n<meta property=\"og:site_name\" content=\"DiCA Napoli\" \/>\n<meta property=\"article:modified_time\" content=\"2022-04-21T11:33:34+00:00\" \/>\n<meta name=\"twitter:card\" content=\"summary_large_image\" \/>\n<meta name=\"twitter:label1\" content=\"Est. reading time\" \/>\n\t<meta name=\"twitter:data1\" content=\"8 minutes\" \/>\n<script type=\"application\/ld+json\" class=\"yoast-schema-graph\">{\"@context\":\"https:\/\/schema.org\",\"@graph\":[{\"@type\":\"WebPage\",\"@id\":\"https:\/\/dicanapoli.it\/psicoterapia\/\",\"url\":\"https:\/\/dicanapoli.it\/psicoterapia\/\",\"name\":\"Psicoterapia - DiCA Napoli\",\"isPartOf\":{\"@id\":\"https:\/\/dicanapoli.it\/#website\"},\"datePublished\":\"2022-03-21T09:33:16+00:00\",\"dateModified\":\"2022-04-21T11:33:34+00:00\",\"breadcrumb\":{\"@id\":\"https:\/\/dicanapoli.it\/psicoterapia\/#breadcrumb\"},\"inLanguage\":\"en-US\",\"potentialAction\":[{\"@type\":\"ReadAction\",\"target\":[\"https:\/\/dicanapoli.it\/psicoterapia\/\"]}]},{\"@type\":\"BreadcrumbList\",\"@id\":\"https:\/\/dicanapoli.it\/psicoterapia\/#breadcrumb\",\"itemListElement\":[{\"@type\":\"ListItem\",\"position\":1,\"name\":\"Home\",\"item\":\"https:\/\/dicanapoli.it\/\"},{\"@type\":\"ListItem\",\"position\":2,\"name\":\"Psicoterapia\"}]},{\"@type\":\"WebSite\",\"@id\":\"https:\/\/dicanapoli.it\/#website\",\"url\":\"https:\/\/dicanapoli.it\/\",\"name\":\"DiCA Napoli\",\"description\":\"Disturbi del Comportamento Alimentare\",\"potentialAction\":[{\"@type\":\"SearchAction\",\"target\":{\"@type\":\"EntryPoint\",\"urlTemplate\":\"https:\/\/dicanapoli.it\/?s={search_term_string}\"},\"query-input\":\"required name=search_term_string\"}],\"inLanguage\":\"en-US\"}]}<\/script>\n<!-- \/ Yoast SEO plugin. -->","yoast_head_json":{"title":"Psicoterapia - DiCA Napoli","robots":{"index":"index","follow":"follow","max-snippet":"max-snippet:-1","max-image-preview":"max-image-preview:large","max-video-preview":"max-video-preview:-1"},"canonical":"https:\/\/dicanapoli.it\/en\/psicoterapia\/","og_locale":"en_US","og_type":"article","og_title":"Psicoterapia - DiCA Napoli","og_url":"https:\/\/dicanapoli.it\/en\/psicoterapia\/","og_site_name":"DiCA Napoli","article_modified_time":"2022-04-21T11:33:34+00:00","twitter_card":"summary_large_image","twitter_misc":{"Est. reading time":"8 minutes"},"schema":{"@context":"https:\/\/schema.org","@graph":[{"@type":"WebPage","@id":"https:\/\/dicanapoli.it\/psicoterapia\/","url":"https:\/\/dicanapoli.it\/psicoterapia\/","name":"Psicoterapia - DiCA Napoli","isPartOf":{"@id":"https:\/\/dicanapoli.it\/#website"},"datePublished":"2022-03-21T09:33:16+00:00","dateModified":"2022-04-21T11:33:34+00:00","breadcrumb":{"@id":"https:\/\/dicanapoli.it\/psicoterapia\/#breadcrumb"},"inLanguage":"en-US","potentialAction":[{"@type":"ReadAction","target":["https:\/\/dicanapoli.it\/psicoterapia\/"]}]},{"@type":"BreadcrumbList","@id":"https:\/\/dicanapoli.it\/psicoterapia\/#breadcrumb","itemListElement":[{"@type":"ListItem","position":1,"name":"Home","item":"https:\/\/dicanapoli.it\/"},{"@type":"ListItem","position":2,"name":"Psicoterapia"}]},{"@type":"WebSite","@id":"https:\/\/dicanapoli.it\/#website","url":"https:\/\/dicanapoli.it\/","name":"DiCA Napoli","description":"Disturbi del Comportamento Alimentare","potentialAction":[{"@type":"SearchAction","target":{"@type":"EntryPoint","urlTemplate":"https:\/\/dicanapoli.it\/?s={search_term_string}"},"query-input":"required name=search_term_string"}],"inLanguage":"en-US"}]}},"_links":{"self":[{"href":"https:\/\/dicanapoli.it\/en\/wp-json\/wp\/v2\/pages\/5427","targetHints":{"allow":["GET"]}}],"collection":[{"href":"https:\/\/dicanapoli.it\/en\/wp-json\/wp\/v2\/pages"}],"about":[{"href":"https:\/\/dicanapoli.it\/en\/wp-json\/wp\/v2\/types\/page"}],"author":[{"embeddable":true,"href":"https:\/\/dicanapoli.it\/en\/wp-json\/wp\/v2\/users\/1"}],"replies":[{"embeddable":true,"href":"https:\/\/dicanapoli.it\/en\/wp-json\/wp\/v2\/comments?post=5427"}],"version-history":[{"count":0,"href":"https:\/\/dicanapoli.it\/en\/wp-json\/wp\/v2\/pages\/5427\/revisions"}],"wp:attachment":[{"href":"https:\/\/dicanapoli.it\/en\/wp-json\/wp\/v2\/media?parent=5427"}],"curies":[{"name":"wp","href":"https:\/\/api.w.org\/{rel}","templated":true}]}}