{"id":5740,"date":"2022-03-29T12:24:17","date_gmt":"2022-03-29T10:24:17","guid":{"rendered":"https:\/\/dicanapoli.it\/?page_id=5740"},"modified":"2022-03-29T12:26:11","modified_gmt":"2022-03-29T10:26:11","slug":"privacy-policy","status":"publish","type":"page","link":"https:\/\/dicanapoli.it\/en\/privacy-policy\/","title":{"rendered":"Privacy Policy"},"content":{"rendered":"<div class=\"fusion-fullwidth fullwidth-box fusion-builder-row-1 fusion-flex-container nonhundred-percent-fullwidth non-hundred-percent-height-scrolling\" style=\"--awb-border-radius-top-left:0px;--awb-border-radius-top-right:0px;--awb-border-radius-bottom-right:0px;--awb-border-radius-bottom-left:0px;--awb-flex-wrap:wrap;\" ><div class=\"fusion-builder-row fusion-row fusion-flex-align-items-flex-start fusion-flex-content-wrap\" style=\"max-width:1216.8px;margin-left: calc(-4% \/ 2 );margin-right: calc(-4% \/ 2 );\"><div class=\"fusion-layout-column fusion_builder_column fusion-builder-column-0 fusion_builder_column_1_1 1_1 fusion-flex-column\" style=\"--awb-bg-size:cover;--awb-width-large:100%;--awb-margin-top-large:40px;--awb-spacing-right-large:1.92%;--awb-margin-bottom-large:0px;--awb-spacing-left-large:1.92%;--awb-width-medium:100%;--awb-spacing-right-medium:1.92%;--awb-spacing-left-medium:1.92%;--awb-width-small:100%;--awb-spacing-right-small:1.92%;--awb-spacing-left-small:1.92%;\"><div class=\"fusion-column-wrapper fusion-flex-justify-content-flex-start fusion-content-layout-column\"><div class=\"fusion-text fusion-text-1\"><p>Privacy \u2013 Cookies Policy<br \/>\nInformativa ai sensi dell\u2019art. 13 del D. Lgs. 196\/2003 ed in conformit\u00e0 all\u2019art. 13 del GDPR.<br \/>\nAi sensi del Decreto Legislativo 30 giugno 2003 n. 196 (di seguito il Codice) Iovino\/Barra Psicoterapeuti, (di seguito Studio Associato) desidera fornirLe le informazioni che seguono in ordine al trattamento dei Suoi dati personali, restando inteso che visitando il sito www.dicanapoli.it (di seguito il Sito) Lei prende atto ed accetta, in quanto occorra, le procedure descritte in questa Informativa sulla privacy.<br \/>\n1. Finalit\u00e0 del trattamento<br \/>\nIl trattamento dei dati personali da Lei forniti e\/o desunti con la navigazione nel Sito \u00e8 diretto al raggiungimento delle seguenti finalit\u00e0:<br \/>\nconsentire l\u2019accesso e la navigazione nel Sito nonch\u00e9 elaborare statistiche anonime sull\u2019uso del Sito, per controllare il corretto funzionamento dello stesso e per l\u2019accertamento di eventuali responsabilit\u00e0 in caso di illeciti commessi durante la navigazione;<br \/>\nrispondere ad eventuali quesiti inviati dai visitatori tramite il nostro form di contatto.<br \/>\n2. Cookie<br \/>\nLo studio associato desidera altres\u00ec informarLa che, per consentire ai nostri sistemi di riconoscere il Suo dispositivo e per offrirLe talune funzionalit\u00e0, tra cui agevolare la navigazione all\u2019interno del Sito e la sua corretta fruizione,  nonch\u00e9 per conoscere quali aree del Sito sono state visitate, utilizza i cookie, vale a dire piccoli file di testo che vengono inviati al Suo dispositivo (solitamente al browser) da un web server (in questo caso dal Sito), dove vengono memorizzati per essere poi ritrasmessi al Sito alla Sua successiva visita.<br \/>\nI cookie utilizzati nel Sito sono sia persistenti (rimangono cio\u00e8 memorizzati, fino alla loro scadenza, sul disco rigido del personal computer dell\u2019utente\/visitatore) che di sessione (non vengono cio\u00e8 memorizzati in modo persistente sul computer dell\u2019utente\/visitatore e svaniscono con la chiusura del browser).<br \/>\nCookie persistenti vengono usati al solo fine di agevolare la navigazione all\u2019interno del Sito e la sua corretta fruizione,  nonch\u00e9 a fini statistici, per conoscere quali aree del Sito sono state visitate. I cookie di sessione sono utilizzati al solo fine di trasmettere gli identificativi di sessione necessari per consentire l\u2019esplorazione sicura ed efficiente del Sito. I cookie di sessione utilizzati nel Sito evitano il ricorso ad altre tecniche informatiche potenzialmente pregiudizievoli per la riservatezza della navigazione degli utenti\/visitatori e vengono impiegati anche per migliorare l\u2019erogazione dei servizi.<br \/>\nVisitando il Sito con il browser impostato in modo che accetti i cookie Lei esprime il consenso a voler utilizzare i prodotti e i servizi della Societ\u00e0 e acconsente all\u2019utilizzo dei cookie e di altre tecnologie necessarie per visualizzarli, come descritto in questa Informativa sulla Privacy. La sezione seguente illustra come modificare le impostazioni del Suo browser, in modo che Lei possa essere avvisato quando riceve un nuovo cookie o per consentirLe di disabilitare i cookie.<br \/>\nI browser pi\u00f9 diffusi prevedono la possibilit\u00e0 di bloccare esclusivamente i cookie di terze parti, accettando solo quelli propri del Sito. Inoltre, alcune societ\u00e0 che generano cookie su siti terzi, offrono la possibilit\u00e0 di disattivare e\/o inibire in modo semplice e immediato solo i propri cookie, anche quando questi sono anonimi, ovvero non comportano la registrazione di dati personali identificativi (quali, a titolo esemplificativo, l\u2019indirizzo IP).<br \/>\nI diversi tipi di Cookie<\/p>\n<p>1. Cookie Tecnici<br \/>\n\u2013 Cookie di navigazione o di sessione: utilizzati al solo fine di effettuare la trasmissione di una comunicazione su una rete di comunicazione elettronica, o necessari a fornire un servizio esplicitamente richiesto dall\u2019utente;<br \/>\n\u2013 Analytics: se utilizzati direttamente dal gestore del sito per raccogliere informazioni in forma aggregata sul numero di utenti e su come questi visitano il sito;<br \/>\n\u2013 Cookie di funzionalit\u00e0: permettono all\u2019utente la navigazione in funzione di una serie di criteri selezionati (ad es.: la lingua) al fine di migliorare il servizio.<\/p>\n<p>2. Cookie di Profilazione<br \/>\n\u2013 Volti a creare profili relativi all\u2019utente ed utilizzati al fine di inviare messaggi pubblicitari in linea con le preferenze manifestate dallo stesso nell\u2019ambito della navigazione in rete.<\/p>\n<p>Ecco una lista di cookies utilizzati su questo sito:<\/p>\n<p>Google Adwords offre annunci pubblicitari mirati sulla base del comportamento e sugli interessi degli utenti online.<br \/>\nPer maggiori informazioni http:\/\/www.google.it\/intl\/it\/policies\/privacy\/#channel=ha&#038;subid=it-it-ha-aw-bkha0~59045266735<\/p>\n<p>Google Analytics si occupa dell\u2019analisi dei dati web di livello aziendale.<br \/>\nPer maggiori informazioni http:\/\/www.google.it\/intl\/it\/policies\/<\/p>\n<p>I cookie e le impostazioni del browser<br \/>\nPer una completa fruizione del Sito, \u00e8 consigliabile configurare il browser in modo che accetti la ricezione dei cookie.<br \/>\nBloccando o altrimenti rifiutando i cookie, infatti, Lei non potr\u00e0 fruire in modo ottimale di alcune aree del Sito.<br \/>\nIn ogni caso, \u00e8 possibile modificare il browser per disattivare i cookie tramite una procedura molto semplice. La funzionalit\u00e0 \u201cAiuto\u201d della maggior parte dei browser Le indicher\u00e0 infatti come impedire che il browser accetti nuovi cookie, come fare in modo che il browser La avverta quando riceve un nuovo cookie e come poter disabilitare del tutto i cookie. Inoltre, potr\u00e0 disabilitare o eliminare dati simili utilizzati dai componenti aggiuntivi del browser, quali i cookie flash, cambiando le impostazioni del componente aggiuntivo o visitando il sito web del relativo produttore.<br \/>\n3. Modalit\u00e0 di trattamento \u2013 Misure di sicurezza<br \/>\nIl trattamento dei Suoi dati personali potr\u00e0 consistere, oltre che nella loro raccolta, nella loro registrazione, conservazione, modificazione, comunicazione, cancellazione.<br \/>\nIl trattamento, inoltre, potr\u00e0 essere effettuato con o senza l\u2019utilizzo di strumenti elettronici da personale appositamente incaricato.<br \/>\nLa conservazione dei dati avverr\u00e0 in forma cartacea e\/o elettronica\/informatica\/ottica e per il tempo strettamente necessario al soddisfacimento delle finalit\u00e0 di cui al punto 1, nel rispetto della normativa vigente.<br \/>\nIn relazione ai Suoi dati personali lo studio associato adotter\u00e0 tutti gli strumenti idonei a garantirne la sicurezza e la riservatezza, in conformit\u00e0 a quanto previsto dal Codice. In particolare saranno adottate tutte le misure tecniche, informatiche, organizzative, logistiche e procedurali di sicurezza, come stabilite dal Codice, in modo che sia garantito il livello minimo di protezione dei dati previsto dalla normativa vigente.<br \/>\nInoltre, le metodologie applicate garantiscono che l\u2019accesso ai dati sia consentito alle sole persone incaricate del trattamento da parte dello studio associato.<br \/>\n4. Conferimento dati<br \/>\nPer quanto concerne il conferimento dei dati personali La informiamo che:<br \/>\ni sistemi informatici e le procedure software preposte al funzionamento del Sito acquisiscono, nel corso del loro normale esercizio, alcuni dati personali la cui trasmissione \u00e8 implicita nell\u2019uso dei protocolli di comunicazione di internet; il mero accesso al Sito comporta pertanto l\u2019acquisizione da parte dello studio associato di dati a Lei relativi;<br \/>\n5. Comunicazione e diffusione dei dati<br \/>\nI dati personali raccolti per il raggiungimento delle finalit\u00e0 di cui al punto 1 che precede non saranno oggetto di comunicazione n\u00e9 diffusione a terzi.<br \/>\n6. Diritti dell\u2019interessato<br \/>\nGarantisce di poter esercitare in qualsiasi momento i diritti previsti dall\u2019art. 12 del GDPR. In particolare lei ha il diritto:<br \/>\nottenere conferma dell\u2019esistenza o meno di dati personali che La riguardano e la loro comunicazione in forma intelligibile;<br \/>\nottenere, a cura del Titolare o del Responsabile del trattamento, come di seguito individuati:<br \/>\nindicazioni sull\u2019origine dei dati personali, sulle finalit\u00e0 e sulle modalit\u00e0 del trattamento, sulla logica applicata in caso di trattamento effettuato con l\u2019ausilio di strumenti elettronici;<br \/>\nindicazione degli estremi identificativi del Titolare del trattamento e del\/i Responsabile\/i.<br \/>\nindicazioni circa i soggetti o le categorie di soggetti a cui i dati possono essere comunicati o che possono venire a conoscenza degli stessi in qualit\u00e0 di rappresentante designato sul territorio dello stato, di responsabili o incaricati;<br \/>\nottenere:<br \/>\nl\u2019aggiornamento, la rettificazione o l\u2019integrazione dati che La riguardano;<br \/>\nla cancellazione, la trasformazione in forma anonima o il blocco dei dati trattati in violazione di legge, compresi quelli di cui non \u00e8 necessaria la conservazione in relazione agli scopi per i quali i dati sono stati raccolti o successivamente trattati;<br \/>\nl\u2019attestazione del fatto che le operazioni di cui ai punti (i) ed (ii) che precedono sono state portate a conoscenza, anche per quanto riguarda il loro contenuto, di coloro ai quali i dati sono stati comunicati o diffusi, salvo il caso in cui tale adempimento risulti impossibile o comporti l\u2019impiego di mezzi manifestamente sproporzionati rispetto al diritto tutelato;<br \/>\nopporsi, in tutto o in parte:<br \/>\nper motivi legittimi, al trattamento dei dati che La riguardano, ancorch\u00e9 pertinenti allo scopo della raccolta;<br \/>\nal trattamento dei dati personali che La riguardano, previsto ai fini di informazione commerciale o di invio di materiale pubblicitario o di vendita diretta ovvero per il compimento di ricerche di mercato o di comunicazione commerciale.<br \/>\nI diritti che precedono, possono essere esercitati sia direttamente, sia tramite un Suo incaricato, nelle forme previste degli artt. 8 e 9 del Codice.<br \/>\nPer esercitare i diritti sopra riportati, dovr\u00e0 effettuare richiesta scritta, tramite posta ordinaria, al Responsabile del trattamento dei dati, come infra individuato.<br \/>\n7. Durata del trattamento e conservazione dei dati personali.<br \/>\nL\u2019azienda in accordo con l\u2019Art. 5.1 e) del GDPR tratter\u00e0 i dati da te conferiti per tutta la durata di esecuzione dei servizi richiesti e li conserver\u00e0 per i 12 mesi successivi ai fini del completamento delle attivit\u00e0 amministrative, oltre che per il tempo necessario ad adempiere gli obblighi di legge.<br \/>\nQualora tu abbia autorizzato il trattamento di profilazione, i dati anonimi di volta in volta osservati, saranno cancellati dopo 12 mesi dall\u2019inizio del trattamento.<\/p>\n<p>8. Titolare e Responsabile<br \/>\nTitolare del trattamento \u00e8 lo scrivente studio  \u2013 con sede legale in Piazza Leonardo 14, 80121 Napoli.<br \/>\nIl Responsabile del trattamento dei dati che La riguardano, domiciliato per questo incarico presso la sede dello studio associato \u00e8 il dott. Stefano Iovino E-mail: info@dicanapoli.it<\/p>\n<\/div><\/div><\/div><\/div><\/div>","protected":false},"excerpt":{"rendered":"","protected":false},"author":1,"featured_media":0,"parent":0,"menu_order":0,"comment_status":"closed","ping_status":"closed","template":"","meta":{"footnotes":""},"class_list":["post-5740","page","type-page","status-publish","hentry"],"yoast_head":"<!-- This site is optimized with the Yoast SEO plugin v20.13 - https:\/\/yoast.com\/wordpress\/plugins\/seo\/ -->\n<title>Privacy Policy - DiCA Napoli<\/title>\n<meta name=\"robots\" content=\"index, follow, max-snippet:-1, max-image-preview:large, max-video-preview:-1\" \/>\n<link rel=\"canonical\" href=\"https:\/\/dicanapoli.it\/en\/privacy-policy\/\" \/>\n<meta property=\"og:locale\" content=\"en_US\" \/>\n<meta property=\"og:type\" content=\"article\" \/>\n<meta property=\"og:title\" content=\"Privacy Policy - DiCA Napoli\" \/>\n<meta property=\"og:url\" content=\"https:\/\/dicanapoli.it\/en\/privacy-policy\/\" \/>\n<meta property=\"og:site_name\" content=\"DiCA Napoli\" \/>\n<meta property=\"article:modified_time\" content=\"2022-03-29T10:26:11+00:00\" \/>\n<meta name=\"twitter:card\" content=\"summary_large_image\" \/>\n<meta name=\"twitter:label1\" content=\"Est. reading time\" \/>\n\t<meta name=\"twitter:data1\" content=\"8 minutes\" \/>\n<script type=\"application\/ld+json\" class=\"yoast-schema-graph\">{\"@context\":\"https:\/\/schema.org\",\"@graph\":[{\"@type\":\"WebPage\",\"@id\":\"https:\/\/dicanapoli.it\/privacy-policy\/\",\"url\":\"https:\/\/dicanapoli.it\/privacy-policy\/\",\"name\":\"Privacy Policy - DiCA Napoli\",\"isPartOf\":{\"@id\":\"https:\/\/dicanapoli.it\/#website\"},\"datePublished\":\"2022-03-29T10:24:17+00:00\",\"dateModified\":\"2022-03-29T10:26:11+00:00\",\"breadcrumb\":{\"@id\":\"https:\/\/dicanapoli.it\/privacy-policy\/#breadcrumb\"},\"inLanguage\":\"en-US\",\"potentialAction\":[{\"@type\":\"ReadAction\",\"target\":[\"https:\/\/dicanapoli.it\/privacy-policy\/\"]}]},{\"@type\":\"BreadcrumbList\",\"@id\":\"https:\/\/dicanapoli.it\/privacy-policy\/#breadcrumb\",\"itemListElement\":[{\"@type\":\"ListItem\",\"position\":1,\"name\":\"Home\",\"item\":\"https:\/\/dicanapoli.it\/\"},{\"@type\":\"ListItem\",\"position\":2,\"name\":\"Privacy Policy\"}]},{\"@type\":\"WebSite\",\"@id\":\"https:\/\/dicanapoli.it\/#website\",\"url\":\"https:\/\/dicanapoli.it\/\",\"name\":\"DiCA Napoli\",\"description\":\"Disturbi del Comportamento Alimentare\",\"potentialAction\":[{\"@type\":\"SearchAction\",\"target\":{\"@type\":\"EntryPoint\",\"urlTemplate\":\"https:\/\/dicanapoli.it\/?s={search_term_string}\"},\"query-input\":\"required name=search_term_string\"}],\"inLanguage\":\"en-US\"}]}<\/script>\n<!-- \/ Yoast SEO plugin. -->","yoast_head_json":{"title":"Privacy Policy - DiCA Napoli","robots":{"index":"index","follow":"follow","max-snippet":"max-snippet:-1","max-image-preview":"max-image-preview:large","max-video-preview":"max-video-preview:-1"},"canonical":"https:\/\/dicanapoli.it\/en\/privacy-policy\/","og_locale":"en_US","og_type":"article","og_title":"Privacy Policy - DiCA Napoli","og_url":"https:\/\/dicanapoli.it\/en\/privacy-policy\/","og_site_name":"DiCA Napoli","article_modified_time":"2022-03-29T10:26:11+00:00","twitter_card":"summary_large_image","twitter_misc":{"Est. reading time":"8 minutes"},"schema":{"@context":"https:\/\/schema.org","@graph":[{"@type":"WebPage","@id":"https:\/\/dicanapoli.it\/privacy-policy\/","url":"https:\/\/dicanapoli.it\/privacy-policy\/","name":"Privacy Policy - DiCA Napoli","isPartOf":{"@id":"https:\/\/dicanapoli.it\/#website"},"datePublished":"2022-03-29T10:24:17+00:00","dateModified":"2022-03-29T10:26:11+00:00","breadcrumb":{"@id":"https:\/\/dicanapoli.it\/privacy-policy\/#breadcrumb"},"inLanguage":"en-US","potentialAction":[{"@type":"ReadAction","target":["https:\/\/dicanapoli.it\/privacy-policy\/"]}]},{"@type":"BreadcrumbList","@id":"https:\/\/dicanapoli.it\/privacy-policy\/#breadcrumb","itemListElement":[{"@type":"ListItem","position":1,"name":"Home","item":"https:\/\/dicanapoli.it\/"},{"@type":"ListItem","position":2,"name":"Privacy Policy"}]},{"@type":"WebSite","@id":"https:\/\/dicanapoli.it\/#website","url":"https:\/\/dicanapoli.it\/","name":"DiCA Napoli","description":"Disturbi del Comportamento Alimentare","potentialAction":[{"@type":"SearchAction","target":{"@type":"EntryPoint","urlTemplate":"https:\/\/dicanapoli.it\/?s={search_term_string}"},"query-input":"required name=search_term_string"}],"inLanguage":"en-US"}]}},"_links":{"self":[{"href":"https:\/\/dicanapoli.it\/en\/wp-json\/wp\/v2\/pages\/5740","targetHints":{"allow":["GET"]}}],"collection":[{"href":"https:\/\/dicanapoli.it\/en\/wp-json\/wp\/v2\/pages"}],"about":[{"href":"https:\/\/dicanapoli.it\/en\/wp-json\/wp\/v2\/types\/page"}],"author":[{"embeddable":true,"href":"https:\/\/dicanapoli.it\/en\/wp-json\/wp\/v2\/users\/1"}],"replies":[{"embeddable":true,"href":"https:\/\/dicanapoli.it\/en\/wp-json\/wp\/v2\/comments?post=5740"}],"version-history":[{"count":0,"href":"https:\/\/dicanapoli.it\/en\/wp-json\/wp\/v2\/pages\/5740\/revisions"}],"wp:attachment":[{"href":"https:\/\/dicanapoli.it\/en\/wp-json\/wp\/v2\/media?parent=5740"}],"curies":[{"name":"wp","href":"https:\/\/api.w.org\/{rel}","templated":true}]}}